{"id":225,"date":"2017-02-14T10:02:59","date_gmt":"2017-02-14T09:02:59","guid":{"rendered":"http:\/\/carlier-plastiques.com\/?page_id=225"},"modified":"2024-06-26T11:14:41","modified_gmt":"2024-06-26T09:14:41","slug":"rechtliche-hinweise","status":"publish","type":"page","link":"https:\/\/carlier-plastiques.com\/de\/rechtliche-hinweise\/","title":{"rendered":"Rechtliche Hinweise"},"content":{"rendered":"<p>1\/ Verleger<\/p>\n<p>Identit\u00e4t : Carlier Plastiques &amp; Composites (Kapital von 7.500.000 \u20ac)<\/p>\n<p>Firmensitz :<\/p>\n<p>CARLIER PLASTIQUES &amp; COMPOSITES SAS<br \/>\n62470 CALONNE-RICOUART<\/p>\n<p>FRANKREICH<\/p>\n<p>Handelsregisterort : \u00a0Arras<\/p>\n<p>Handelsregisternummer: 438\u00a0336\u00a0851 00011<br \/>\nMwSt.: FR92\u00a0438\u00a0336\u00a0851<br \/>\nTelefon: (+33) 3 21 65 54 54<\/p>\n<p>Der Verlagsleiter dieser Webseite ist Herr Damien MARTEL.<\/p>\n<p>Der Herausgeber ist Herr Damien MARTEL.<\/p>\n<p>2 \/ Eigentum und Urheberrecht<\/p>\n<p>\u00a9 Copyright 2019: Alle Rechte vorbehalten f\u00fcr CARLIER PLASTIQUES &amp; COMPOSITES SAS<\/p>\n<p>Die Webseite www.carlier-plastiques.com ist geistiges Eigentum, welche durch die geltenden Gesetze gesch\u00fctzt ist. Alle Elemente, aus denen se besteht, wie Name, Logo, Zeichnungen, Fotos, Animationen, herunterladbare Dokumente und alle anderen Dokumente, sind ausschlie\u00dfliches Eigentum von CARLIER PLASTIQUES &amp; COMPOSITES SAS. Zu diesem Zweck ist jede Darstellung, Vervielf\u00e4ltigung, Ver\u00e4nderung, gewerbliche Nutzung sowie jede Weitergabe an einen anderen Ort und \/ oder in welcher Form auch immer ohne die ausdr\u00fcckliche schriftliche Zustimmung der f\u00fcr die Ver\u00f6ffentlichung verantwortlichen Person untersagt. Auf die Gefahr einer Verletzung des Urheberrechts und \/ oder des Geschmacksmusters und \/ oder der Marke, kann mit einer Freiheitsstrafe von zwei Jahren und einer Geldstrafe von 152.450 \u20ac geahndet werden. Die Nutzung ist nur f\u00fcr rein pers\u00f6nliche Zwecke gestattet.<\/p>\n<p>3 \/ G\u00fcltigkeit der Informationen<\/p>\n<p>Alle auf dieser Website bereitgestellten Informationen dienen nur der Information. Daher k\u00f6nnen diese Informationen nicht als Vertragsangebot angesehen werden. Kontaktieren Sie uns f\u00fcr weitere Informationen.<\/p>\n<p>4 \/ Computing und Freiheiten<\/p>\n<p>Per E-Mail oder Formular gesammelte Nominativinformationen sind nur f\u00fcr CARLIER PLASTIQUES &amp; COMPOSITES SAS bestimmt. Sie k\u00f6nnen gespeichert und sp\u00e4ter verwendet werden, um Dienstleistungen oder kommerzielle Angebote anzubieten. Sie werden nur zu Zwecken der Gesch\u00e4ftsf\u00fchrung oder zur Erf\u00fcllung der gesetzlichen und aufsichtsrechtlichen Pflichten Gegenstand externer Kommunikation sein.<\/p>\n<p>Die Felder, die ausgef\u00fcllt werden m\u00fcssen, sind immer mit einem Stern \u00ab\u00a0*\u00a0\u00bb gekennzeichnet.<\/p>\n<p>Dem Nutzer steht es selbstverst\u00e4ndlich frei, diese Formulare nicht auszuf\u00fcllen. Einige davon m\u00fcssen jedoch ausgef\u00fcllt werden, um auf Dokumentations- und Newsletteranfragen reagieren zu k\u00f6nnen.<\/p>\n<p>Die erhobenen personenbezogenen Daten k\u00f6nnen zur Aus\u00fcbung des Rechts auf Auskunft und Berichtigung unter den einzigen Bedingungen f\u00fchren, die das Gesetz Nr. 78-17 vom 6. Januar 1978 \u00fcber Daten, Akten und Freiheiten der Vermittler der Dienste, die die angeforderten Informationen gesammelt haben.<\/p>\n<p>Dieses Auskunftsrecht kann von der f\u00fcr die Dienstleistung verantwortlichen Person<\/p>\n<p>&#8211; per Post, schriftlich an folgende Adresse:<\/p>\n<p>Carlier Plastiques &amp; COMPOSITES SAS<br \/>\n15, chauss\u00e9e Brunehaut<br \/>\n62470 Calonne Ricouart<\/p>\n<p>FRANKREICH<\/p>\n<p>5 \/ Haftungsbeschr\u00e4nkung<\/p>\n<p>Es liegt in der Verantwortung des Nutzers dieser Webseite, alle geeigneten Ma\u00dfnahmen zu ergreifen, um seine eigenen Daten und \/ oder Software vor einer Kontamination durch m\u00f6gliche Viren im Internet zu sch\u00fctzen. Im Allgemeinen lehnt <a href=\"https:\/\/carlier-plastiques.com\/de\/\" target=\"_blank\" rel=\"noopener noreferrer\">CARLIER PLASTIQUES &amp; COMPOSITES SAS<\/a> jede Verantwortung f\u00fcr Sch\u00e4den ab, die w\u00e4hrend der Konsultation dieser Website auftreten k\u00f6nnen.<\/p>\n<p>Mitteilungen, die Sie uns \u00fcber ein offenes Telekommunikationsnetz senden k\u00f6nnen, k\u00f6nnen wir nicht vertraulich behandeln.<\/p>\n<p>6 \/ Anwendbares Recht<\/p>\n<p>Jeder Besucher der Website www.carlier-plastiques.com akzeptiert die Anwendung des franz\u00f6sischen Rechts.<\/p>\n<p>7 \/ Hypertext-Links<\/p>\n<p>Die Einrichtung eines Hypertext-Links zur Webseite www.carlier-plastiques.com bedarf der vorherigen schriftlichen Genehmigung von CARLIER PLASTIQUES &amp; COMPOSITES SAS.<\/p>\n<p>In keinem Fall ist CARLIER PLASTIQUES &amp; COMPOSITES SAS f\u00fcr den Inhalt sowie die Produkte oder Dienstleistungen verantwortlich, die auf der Webseite angeboten werden, auf die die Website www.carlier-plastiques.com \u00fcber Hypertext-Links oder andere Links verweist andere Art von Link.<\/p>\n<p>8 \/ Gastgeber<\/p>\n<p>Name oder Firmenname <a href=\"https:\/\/www.ovh.com\/fr\/\" target=\"_blank\" rel=\"noopener noreferrer\">OVH<\/a><\/p>\n<p>2 Rue Kellermann<\/p>\n<p>59100 Roubaix<\/p>\n<p>FRANKREICH<br \/>\nTelefon\u00a0: 05 22 26 00 86<\/p>\n<p>9 \/Bildnachweise<\/p>\n<p><span style=\"color: #2e3d9e;\"><strong><a style=\"color: #2e3d9e;\" href=\"https:\/\/pixabay.com\/fr\/\" target=\"_blank\" rel=\"noopener noreferrer\">Pixabay<\/a><\/strong><\/span><\/p>\n","protected":false},"excerpt":{"rendered":"<p>1\/ Verleger Identit\u00e4t : Carlier Plastiques &amp; Composites (Kapital von 7.500.000 \u20ac) Firmensitz : CARLIER PLASTIQUES &amp; COMPOSITES SAS 62470 &hellip; <a href=\"https:\/\/carlier-plastiques.com\/de\/rechtliche-hinweise\/\" class=\"more-link\">Continuer la lecture de <span class=\"screen-reader-text\">Rechtliche Hinweise<\/span> <span class=\"meta-nav\">&rarr;<\/span><\/a><\/p>\n","protected":false},"author":1,"featured_media":0,"parent":0,"menu_order":0,"comment_status":"closed","ping_status":"closed","template":"","meta":[],"acf":[],"_links":{"self":[{"href":"https:\/\/carlier-plastiques.com\/de\/wp-json\/wp\/v2\/pages\/225"}],"collection":[{"href":"https:\/\/carlier-plastiques.com\/de\/wp-json\/wp\/v2\/pages"}],"about":[{"href":"https:\/\/carlier-plastiques.com\/de\/wp-json\/wp\/v2\/types\/page"}],"author":[{"embeddable":true,"href":"https:\/\/carlier-plastiques.com\/de\/wp-json\/wp\/v2\/users\/1"}],"replies":[{"embeddable":true,"href":"https:\/\/carlier-plastiques.com\/de\/wp-json\/wp\/v2\/comments?post=225"}],"version-history":[{"count":12,"href":"https:\/\/carlier-plastiques.com\/de\/wp-json\/wp\/v2\/pages\/225\/revisions"}],"predecessor-version":[{"id":3362,"href":"https:\/\/carlier-plastiques.com\/de\/wp-json\/wp\/v2\/pages\/225\/revisions\/3362"}],"wp:attachment":[{"href":"https:\/\/carlier-plastiques.com\/de\/wp-json\/wp\/v2\/media?parent=225"}],"curies":[{"name":"wp","href":"https:\/\/api.w.org\/{rel}","templated":true}]}}