{"id":225,"date":"2017-02-14T10:02:59","date_gmt":"2017-02-14T09:02:59","guid":{"rendered":"http:\/\/carlier-plastiques.com\/?page_id=225"},"modified":"2024-06-26T11:19:38","modified_gmt":"2024-06-26T09:19:38","slug":"aviso-legal","status":"publish","type":"page","link":"https:\/\/carlier-plastiques.com\/es\/aviso-legal\/","title":{"rendered":"Aviso Legal"},"content":{"rendered":"<p>1\/ Editor<\/p>\n<p>Identidad: Carlier Plastiques &amp;Composites (capital de 7.500.000 \u20ac)<br \/>\nSede social\u00a0:<\/p>\n<p>CARLIER PLASTIQUES &amp; COMPOSITES SAS<br \/>\n62470 CALONNE-RICOUART<br \/>\nRCS Arras<\/p>\n<p>SIRET 438\u00a0336\u00a0851 00011<br \/>\nTVA FR92\u00a0438\u00a0336\u00a0851<br \/>\nTel\u00e9fono (+33) 3 21 65 54 54<\/p>\n<p>El Director de Publicaci\u00f3n de este sitio web es Sr. Damien MARTELN.<\/p>\n<p>El editor es Sr. Damien MARTEL.<\/p>\n<p>&nbsp;<\/p>\n<p>2\/ Propiedad intelectual e industrial<\/p>\n<p>&nbsp;<\/p>\n<p style=\"text-align: justify;\">\u00a9Derechos de autor 2019:todos los derechos son reservados a CARLIER PLASTIQUES &amp; COMPOSITES SAS. El sitio web www.carlier-plastiques.com es una obra intelectual protegida por la legislaci\u00f3n vigente.Todos los elementos que lo componen, tales como, a t\u00edtulo informativo, el nombre, el logo, los dibujos, las fotos, las animaciones, los documentos descargables y cualquier otro documento son propiedad exclusiva de CARLIER PLASTIQUES &amp; COMPOSITES SAS. Entonces, queda prohibida cualquier representaci\u00f3n, reproducci\u00f3n, modificaci\u00f3n, uso comercial o transferencia a otro sitio y\/o cualquier otro medio sin el consentimiento expreso y por escrito de la persona responsable de la publicaci\u00f3n.Bajo pena de constituir un delito de infracci\u00f3n de derechos de autor y\/o dise\u00f1o y\/o marca, punible con dos a\u00f1os de prisi\u00f3n y una multa de 152.450\u20ac. S\u00f3lo se permite el uso para fines estrictamente personales.<\/p>\n<p style=\"text-align: justify;\">3\/ Validez de la informaci\u00f3n<\/p>\n<p>Toda la informaci\u00f3n disponible en este sitio se proporciona con fines informativos \u00fanicamente. Por lo tanto, esta informaci\u00f3n no puede considerarse en ning\u00fan caso como una oferta contractual. Para m\u00e1s informaci\u00f3n, por favor cont\u00e1ctenos.<\/p>\n<p style=\"text-align: justify;\">4\/Protecci\u00f3n de datos<\/p>\n<p>Los datos personales recogidos mediante correo electr\u00f3nico o formularios est\u00e1n destinados exclusivamente a CARLIER PLASTIQUES &amp; COMPOSITES SAS, pudiendo ser almacenados y posteriormente utilizados para la prestaci\u00f3n de servicios u ofertas comerciales. Ser\u00e1n objeto de comunicaciones externas \u00fanicamente con el prop\u00f3sito de gesti\u00f3n o para cumplir con obligaciones legales y reglamentarias.<\/p>\n<p style=\"text-align: justify;\">Los campos obligatorios est\u00e1n marcados sistem\u00e1ticamente con un asterisco\u00a0\u00bb*\u00a0\u00bb.<\/p>\n<p style=\"text-align: justify;\">Por supuesto, el usuario es libre de no rellenar estos formularios. Sin embargo, es imprescindible rellenar algunas de ellas para poder responder a las solicitudes de documentaci\u00f3n y boletines.Los datos personales recogidos podr\u00e1n dar lugar al ejercicio del derecho de acceso y rectificaci\u00f3n en las \u00fanicas condiciones previstas por la Ley 78-17 de 6 de enero de 1978 relativa a la inform\u00e1tica, a los ficheros y a las libertades, a trav\u00e9s de los servicios que hayan recogido la informaci\u00f3n solicitada.<\/p>\n<p style=\"text-align: justify;\">Este derecho de acceso puede ser ejercido con el responsable del departamento:<\/p>\n<p>&#8211; por correo postal, escribiendo a la siguiente direcci\u00f3n:<\/p>\n<p>Carlier Plastiques &amp; COMPOSITES SAS<br \/>\n15, chauss\u00e9eBrunehaut<br \/>\n62470 CalonneRicouart<\/p>\n<p>5\/ Responsabilidades (Aviso Legal)<\/p>\n<p style=\"text-align: justify;\">Es responsabilidad del usuario de este sitio tomar todas las medidas apropiadas para proteger sus propios datos y\/o software de la contaminaci\u00f3n por cualquier virus que circule en Internet. Con car\u00e1cter general, CARLIER PLASTIQUES &amp; COMPOSITES SAS declina toda responsabilidad por los da\u00f1os que pudieran derivarse de la consulta de este sitio.<\/p>\n<p style=\"text-align: justify;\">Los mensajes que nos puedan enviar y transiten por una red de telecomunicaciones abierta, \u00a0no podemos garantizar su confidencialidad.<\/p>\n<p>6\/ Legislaci\u00f3n aplicable y jurisdicci\u00f3n<\/p>\n<p style=\"text-align: justify;\">Se considera que todo visitante del sitio www.carlier-plastiques.com acepta la aplicaci\u00f3n de las leyes francesas.<\/p>\n<p style=\"text-align: justify;\">7\/ Enlaces de hipertexto (Aviso Legal)<\/p>\n<p>El establecimiento de un enlace hipertexto hacia el sitio www.carlier-plastiques.com requiere la autorizaci\u00f3n previa y por escrito de CARLIER PLASTIQUES &amp; COMPOSITES SAS fabricante de <span style=\"text-decoration: underline;\"><span style=\"color: #26374d; text-decoration: underline;\"><a style=\"color: #26374d; text-decoration: underline;\" href=\"https:\/\/en.wikipedia.org\/wiki\/Sandwich_panel\" target=\"_blank\" rel=\"noopener noreferrer\">paneles<\/a><\/span><\/span> composites.<br \/>\nEn cualquier caso, CARLIER PLASTIQUES &amp; COMPOSITES SAS no se responsabiliza en modo alguno de los contenidos, productos o servicios ofrecidos en los sitios a los que el sitio <span style=\"text-decoration: underline;\"><span style=\"color: #26374d; text-decoration: underline;\"><a style=\"color: #26374d; text-decoration: underline;\" href=\"https:\/\/carlier-plastiques.com\/es\/\" target=\"_blank\" rel=\"noopener noreferrer\">www.carlier-plastiques.com<\/a><\/span><\/span> est\u00e1 vinculado por enlaces hipertextuales o de cualquier otro tipo.<\/p>\n<p>8 \/ Web autorizada (Aviso Legal)<\/p>\n<p>Nombre o raz\u00f3n social: OVH<\/p>\n<p style=\"text-align: justify;\">2 Calle Kellermann, 59100 Roubaix<br \/>\nTel\u00e9fono 05 22 26 00 86<\/p>\n<p>9 \/Cr\u00e9ditos de las fotos<\/p>\n<p><a href=\"https:\/\/pixabay.com\/es\/\"><strong>PIXABAY<\/strong><\/a><\/p>\n","protected":false},"excerpt":{"rendered":"<p>1\/ Editor Identidad: Carlier Plastiques &amp;Composites (capital de 7.500.000 \u20ac) Sede social\u00a0: CARLIER PLASTIQUES &amp; COMPOSITES SAS 62470 CALONNE-RICOUART RCS &hellip; <a href=\"https:\/\/carlier-plastiques.com\/es\/aviso-legal\/\" class=\"more-link\">Continuer la lecture de <span class=\"screen-reader-text\">Aviso Legal<\/span> <span class=\"meta-nav\">&rarr;<\/span><\/a><\/p>\n","protected":false},"author":1,"featured_media":0,"parent":0,"menu_order":0,"comment_status":"closed","ping_status":"closed","template":"","meta":[],"acf":[],"_links":{"self":[{"href":"https:\/\/carlier-plastiques.com\/es\/wp-json\/wp\/v2\/pages\/225"}],"collection":[{"href":"https:\/\/carlier-plastiques.com\/es\/wp-json\/wp\/v2\/pages"}],"about":[{"href":"https:\/\/carlier-plastiques.com\/es\/wp-json\/wp\/v2\/types\/page"}],"author":[{"embeddable":true,"href":"https:\/\/carlier-plastiques.com\/es\/wp-json\/wp\/v2\/users\/1"}],"replies":[{"embeddable":true,"href":"https:\/\/carlier-plastiques.com\/es\/wp-json\/wp\/v2\/comments?post=225"}],"version-history":[{"count":5,"href":"https:\/\/carlier-plastiques.com\/es\/wp-json\/wp\/v2\/pages\/225\/revisions"}],"predecessor-version":[{"id":3456,"href":"https:\/\/carlier-plastiques.com\/es\/wp-json\/wp\/v2\/pages\/225\/revisions\/3456"}],"wp:attachment":[{"href":"https:\/\/carlier-plastiques.com\/es\/wp-json\/wp\/v2\/media?parent=225"}],"curies":[{"name":"wp","href":"https:\/\/api.w.org\/{rel}","templated":true}]}}