{"id":99,"date":"2016-11-15T04:47:01","date_gmt":"2016-11-15T03:47:01","guid":{"rendered":"http:\/\/carlier-plastiques.com\/?page_id=99"},"modified":"2022-05-25T16:18:30","modified_gmt":"2022-05-25T14:18:30","slug":"preguntas-frecuentes","status":"publish","type":"page","link":"https:\/\/carlier-plastiques.com\/es\/preguntas-frecuentes\/","title":{"rendered":"Preguntas frecuentes"},"content":{"rendered":"<h3>Information\u00a0 \u00a0:<\/h3>\n<table>\n<tbody>\n<tr>\n<td>La modification des t\u00e9l\u00e9chargements se fait dans l&rsquo;onglet de gauche \u00ab\u00a0t\u00e9l\u00e9chargement\u00a0\u00bb.<br \/>\nLes t\u00e9l\u00e9chargement ajout\u00e9s seront mis automatiquement \u00e0 la suite sur le site (voir photo ci-dessous).<\/td>\n<\/tr>\n<tr>\n<td><a href=\"http:\/\/carlier-plastiques.com\/faq\/capture-decran-2018-02-01-a-18-42-16\/\" rel=\"attachment wp-att-945\"><img loading=\"lazy\" class=\"alignnone wp-image-945 size-full\" src=\"https:\/\/carlier-plastiques.com\/es\/wp-content\/uploads\/sites\/4\/2018\/02\/Capture-d\u2019e\u0301cran-2018-02-01-a\u0300-18.42.16-1.png\" alt=\"Preguntas frecuentes\" width=\"467\" height=\"414\" srcset=\"https:\/\/carlier-plastiques.com\/es\/wp-content\/uploads\/sites\/4\/2018\/02\/Capture-d\u2019e\u0301cran-2018-02-01-a\u0300-18.42.16-1.png 467w, https:\/\/carlier-plastiques.com\/es\/wp-content\/uploads\/sites\/4\/2018\/02\/Capture-d\u2019e\u0301cran-2018-02-01-a\u0300-18.42.16-1-293x260.png 293w\" sizes=\"(max-width: 467px) 100vw, 467px\" \/><\/a><\/td>\n<\/tr>\n<tr>\n<td>La modification des questions et r\u00e9ponses se fait dans l&rsquo;onglet de gauche \u00ab\u00a0FAQ\u00a0\u00bb.<br \/>\nLes questions et r\u00e9ponses ajout\u00e9s seront mis automatiquement \u00e0 la suite sur le site\u00a0 (voir la photo ci-dessous).<\/td>\n<\/tr>\n<tr>\n<td><a href=\"http:\/\/carlier-plastiques.com\/faq\/capture-decran-2018-02-01-a-18-43-50\/\" rel=\"attachment wp-att-946\"><img loading=\"lazy\" class=\"alignnone wp-image-946\" src=\"http:\/\/carlier-plastiques.com\/es\/wp-content\/uploads\/sites\/4\/2018\/02\/Capture-d\u2019e\u0301cran-2018-02-01-a\u0300-18.43.50-1.png\" alt=\"Preguntas frecuentes\" width=\"449\" height=\"295\" \/><\/a><\/td>\n<\/tr>\n<\/tbody>\n<\/table>\n","protected":false},"excerpt":{"rendered":"<p>Information\u00a0 \u00a0: La modification des t\u00e9l\u00e9chargements se fait dans l&rsquo;onglet de gauche \u00ab\u00a0t\u00e9l\u00e9chargement\u00a0\u00bb. Les t\u00e9l\u00e9chargement ajout\u00e9s seront mis automatiquement \u00e0 &hellip; <a href=\"https:\/\/carlier-plastiques.com\/es\/preguntas-frecuentes\/\" class=\"more-link\">Continuer la lecture de <span class=\"screen-reader-text\">Preguntas frecuentes<\/span> <span class=\"meta-nav\">&rarr;<\/span><\/a><\/p>\n","protected":false},"author":1,"featured_media":0,"parent":0,"menu_order":0,"comment_status":"closed","ping_status":"closed","template":"template-faq.php","meta":[],"acf":[],"_links":{"self":[{"href":"https:\/\/carlier-plastiques.com\/es\/wp-json\/wp\/v2\/pages\/99"}],"collection":[{"href":"https:\/\/carlier-plastiques.com\/es\/wp-json\/wp\/v2\/pages"}],"about":[{"href":"https:\/\/carlier-plastiques.com\/es\/wp-json\/wp\/v2\/types\/page"}],"author":[{"embeddable":true,"href":"https:\/\/carlier-plastiques.com\/es\/wp-json\/wp\/v2\/users\/1"}],"replies":[{"embeddable":true,"href":"https:\/\/carlier-plastiques.com\/es\/wp-json\/wp\/v2\/comments?post=99"}],"version-history":[{"count":8,"href":"https:\/\/carlier-plastiques.com\/es\/wp-json\/wp\/v2\/pages\/99\/revisions"}],"predecessor-version":[{"id":3364,"href":"https:\/\/carlier-plastiques.com\/es\/wp-json\/wp\/v2\/pages\/99\/revisions\/3364"}],"wp:attachment":[{"href":"https:\/\/carlier-plastiques.com\/es\/wp-json\/wp\/v2\/media?parent=99"}],"curies":[{"name":"wp","href":"https:\/\/api.w.org\/{rel}","templated":true}]}}